{"id":34,"date":"2025-03-26T07:51:48","date_gmt":"2025-03-26T06:51:48","guid":{"rendered":"https:\/\/fibrazur.com\/?page_id=34"},"modified":"2025-03-26T11:25:28","modified_gmt":"2025-03-26T10:25:28","slug":"contactez-nous","status":"publish","type":"page","link":"https:\/\/fibrazur.com\/index.php\/contactez-nous\/","title":{"rendered":"Contact"},"content":{"rendered":"\n<div class=\"form-instructions\">\n  <p>\ud83c\uddeb\ud83c\uddf7 <strong>Formulaire de contact<\/strong><br>\n  Remplissez les champs ci-dessous &#8211; r\u00e9ponse garantie sous 24h<\/p>\n  \n  <p>\ud83c\udde9\ud83c\uddea <strong>Kontaktformular<\/strong><br>\n  Bitte ausf\u00fcllen &#8211; Antwort innerhalb 24 Stunden<\/p>\n  \n  <p>\ud83c\uddec\ud83c\udde7 <strong>Contact form<\/strong><br>\n  Fill the fields below &#8211; guaranteed response within 24h<\/p>\n<\/div>\n\n\n<div class=\"wpforms-container wpforms-container-full wpforms-block wpforms-block-f250fb7a-d2d2-4326-bfdc-1a7524345ef9 wpforms-render-modern\" id=\"wpforms-31\"><form id=\"wpforms-form-31\" class=\"wpforms-validate wpforms-form wpforms-ajax-form\" data-formid=\"31\" method=\"post\" enctype=\"multipart\/form-data\" action=\"\/index.php\/wp-json\/wp\/v2\/pages\/34\" data-token=\"8523b279cab784b6f4bd856c16d7a186\" data-token-time=\"1776518993\"><noscript class=\"wpforms-error-noscript\">Please enable JavaScript in your browser to complete this form.<\/noscript><div id=\"wpforms-error-noscript\" style=\"display: none;\">Please enable JavaScript in your browser to complete this form.<\/div><div class=\"wpforms-field-container\"><div id=\"wpforms-31-field_1-container\" class=\"wpforms-field wpforms-field-name\" data-field-id=\"1\"><fieldset><legend class=\"wpforms-field-label\">Nom \/ Name \/ Name <span class=\"wpforms-required-label\" aria-hidden=\"true\">*<\/span><\/legend><div class=\"wpforms-field-row wpforms-field-medium\"><div class=\"wpforms-field-row-block wpforms-first wpforms-one-half\"><input type=\"text\" id=\"wpforms-31-field_1\" class=\"wpforms-field-name-first wpforms-field-required\" name=\"wpforms[fields][1][first]\" aria-errormessage=\"wpforms-31-field_1-error\" required><label for=\"wpforms-31-field_1\" class=\"wpforms-field-sublabel after\">First<\/label><\/div><div class=\"wpforms-field-row-block wpforms-one-half\"><input type=\"text\" id=\"wpforms-31-field_1-last\" class=\"wpforms-field-name-last wpforms-field-required\" name=\"wpforms[fields][1][last]\" aria-errormessage=\"wpforms-31-field_1-last-error\" required><label for=\"wpforms-31-field_1-last\" class=\"wpforms-field-sublabel after\">Last<\/label><\/div><\/div><\/fieldset><\/div><div id=\"wpforms-31-field_4-container\" class=\"wpforms-field wpforms-field-text\" data-field-id=\"4\"><label class=\"wpforms-field-label\" for=\"wpforms-31-field_4\">T\u00e9l\u00e9phone \/ Telefon \/ Phone<\/label><input type=\"text\" id=\"wpforms-31-field_4\" class=\"wpforms-field-medium\" name=\"wpforms[fields][4]\" aria-errormessage=\"wpforms-31-field_4-error\" ><\/div><div id=\"wpforms-31-field_2-container\" class=\"wpforms-field wpforms-field-email\" data-field-id=\"2\"><label class=\"wpforms-field-label\" for=\"wpforms-31-field_2\">E-mail <span class=\"wpforms-required-label\" aria-hidden=\"true\">*<\/span><\/label><input type=\"email\" id=\"wpforms-31-field_2\" class=\"wpforms-field-medium wpforms-field-required\" name=\"wpforms[fields][2]\" spellcheck=\"false\" aria-errormessage=\"wpforms-31-field_2-error\" required><\/div>\t\t<div id=\"wpforms-31-field_5-container\"\n\t\t\tclass=\"wpforms-field wpforms-field-text\"\n\t\t\tdata-field-type=\"text\"\n\t\t\tdata-field-id=\"5\"\n\t\t\t>\n\t\t\t<label class=\"wpforms-field-label\" for=\"wpforms-31-field_5\" >\/ Nom \/<\/label>\n\t\t\t<input type=\"text\" id=\"wpforms-31-field_5\" class=\"wpforms-field-medium\" name=\"wpforms[fields][5]\" >\n\t\t<\/div>\n\t\t<div id=\"wpforms-31-field_3-container\" class=\"wpforms-field wpforms-field-textarea\" data-field-id=\"3\"><label class=\"wpforms-field-label\" for=\"wpforms-31-field_3\">Message \/ Nachricht \/ Message<\/label><textarea id=\"wpforms-31-field_3\" class=\"wpforms-field-medium\" name=\"wpforms[fields][3]\" aria-errormessage=\"wpforms-31-field_3-error\" ><\/textarea><\/div><script>\n\t\t\t\t( function() {\n\t\t\t\t\tconst style = document.createElement( 'style' );\n\t\t\t\t\tstyle.appendChild( document.createTextNode( '#wpforms-31-field_5-container { position: absolute !important; overflow: hidden !important; display: inline !important; height: 1px !important; width: 1px !important; z-index: -1000 !important; padding: 0 !important; } #wpforms-31-field_5-container input { visibility: hidden; } #wpforms-conversational-form-page #wpforms-31-field_5-container label { counter-increment: none; }' ) );\n\t\t\t\t\tdocument.head.appendChild( style );\n\t\t\t\t\tdocument.currentScript?.remove();\n\t\t\t\t} )();\n\t\t\t<\/script><\/div><!-- .wpforms-field-container --><div class=\"wpforms-submit-container\" ><input type=\"hidden\" name=\"wpforms[id]\" value=\"31\"><input type=\"hidden\" name=\"page_title\" value=\"\"><input type=\"hidden\" name=\"page_url\" value=\"https:\/\/fibrazur.com\/index.php\/wp-json\/wp\/v2\/pages\/34\"><input type=\"hidden\" name=\"url_referer\" value=\"\"><button type=\"submit\" name=\"wpforms[submit]\" id=\"wpforms-submit-31\" class=\"wpforms-submit\" data-alt-text=\"Envoi...\" data-submit-text=\"Envoyer \/ Senden \/ Send\" aria-live=\"assertive\" value=\"wpforms-submit\">Envoyer \/ Senden \/ Send<\/button><img loading=\"lazy\" decoding=\"async\" src=\"https:\/\/fibrazur.com\/wp-content\/plugins\/wpforms-lite\/assets\/images\/submit-spin.svg\" class=\"wpforms-submit-spinner\" style=\"display: none;\" width=\"26\" height=\"26\" alt=\"Loading\"><\/div><\/form><\/div>  <!-- .wpforms-container -->\n\n\n<div class=\"wp-block-buttons is-layout-flex wp-block-buttons-is-layout-flex\">\n<div class=\"wp-block-button\"><a class=\"wp-block-button__link wp-element-button\" href=\"https:\/\/fibrazur.com\/index.php\/electricite-installation-renovation\/\">ELECTRICITE<\/a><\/div>\n\n\n\n<div class=\"wp-block-button\"><a class=\"wp-block-button__link wp-element-button\" href=\"https:\/\/fibrazur.com\/index.php\/connexions-internet-solutions-de-raccordement\/\">CONNEXION INTERNET<\/a><\/div>\n\n\n\n<div class=\"wp-block-button\"><a class=\"wp-block-button__link wp-element-button\">ELECTRICITY<\/a><\/div>\n<\/div>\n\n\n\n<p><\/p>\n","protected":false},"excerpt":{"rendered":"<p>\ud83c\uddeb\ud83c\uddf7 Formulaire de contact Remplissez les champs ci-dessous &#8211; r\u00e9ponse garantie sous 24h \ud83c\udde9\ud83c\uddea Kontaktformular Bitte ausf\u00fcllen &#8211; Antwort innerhalb 24 Stunden \ud83c\uddec\ud83c\udde7 Contact form Fill the fields below &#8211; guaranteed response within 24h<\/p>\n","protected":false},"author":1,"featured_media":0,"parent":0,"menu_order":0,"comment_status":"closed","ping_status":"closed","template":"","meta":{"footnotes":""},"class_list":["post-34","page","type-page","status-publish","hentry"],"blocksy_meta":[],"yoast_head":"<!-- This site is optimized with the Yoast SEO plugin v27.1.1 - https:\/\/yoast.com\/product\/yoast-seo-wordpress\/ -->\n<title>Contact - Fibr&#039;Azur<\/title>\n<meta name=\"robots\" content=\"index, follow, max-snippet:-1, max-image-preview:large, max-video-preview:-1\" \/>\n<link rel=\"canonical\" href=\"https:\/\/fibrazur.com\/index.php\/contactez-nous\/\" \/>\n<meta property=\"og:locale\" content=\"en_US\" \/>\n<meta property=\"og:type\" content=\"article\" \/>\n<meta property=\"og:title\" content=\"Contact - Fibr&#039;Azur\" \/>\n<meta property=\"og:description\" content=\"\ud83c\uddeb\ud83c\uddf7 Formulaire de contact Remplissez les champs ci-dessous &#8211; r\u00e9ponse garantie sous 24h \ud83c\udde9\ud83c\uddea Kontaktformular Bitte ausf\u00fcllen &#8211; Antwort innerhalb 24 Stunden \ud83c\uddec\ud83c\udde7 Contact form Fill the fields below &#8211; guaranteed response within 24h\" \/>\n<meta property=\"og:url\" content=\"https:\/\/fibrazur.com\/index.php\/contactez-nous\/\" \/>\n<meta property=\"og:site_name\" content=\"Fibr&#039;Azur\" \/>\n<meta property=\"article:modified_time\" content=\"2025-03-26T10:25:28+00:00\" \/>\n<meta name=\"twitter:card\" content=\"summary_large_image\" \/>\n<meta name=\"twitter:label1\" content=\"Est. reading time\" \/>\n\t<meta name=\"twitter:data1\" content=\"1 minute\" \/>\n<script type=\"application\/ld+json\" class=\"yoast-schema-graph\">{\"@context\":\"https:\/\/schema.org\",\"@graph\":[{\"@type\":\"WebPage\",\"@id\":\"https:\/\/fibrazur.com\/index.php\/contactez-nous\/\",\"url\":\"https:\/\/fibrazur.com\/index.php\/contactez-nous\/\",\"name\":\"Contact - Fibr&#039;Azur\",\"isPartOf\":{\"@id\":\"https:\/\/fibrazur.com\/#website\"},\"datePublished\":\"2025-03-26T06:51:48+00:00\",\"dateModified\":\"2025-03-26T10:25:28+00:00\",\"breadcrumb\":{\"@id\":\"https:\/\/fibrazur.com\/index.php\/contactez-nous\/#breadcrumb\"},\"inLanguage\":\"en-US\",\"potentialAction\":[{\"@type\":\"ReadAction\",\"target\":[\"https:\/\/fibrazur.com\/index.php\/contactez-nous\/\"]}]},{\"@type\":\"BreadcrumbList\",\"@id\":\"https:\/\/fibrazur.com\/index.php\/contactez-nous\/#breadcrumb\",\"itemListElement\":[{\"@type\":\"ListItem\",\"position\":1,\"name\":\"Accueil\",\"item\":\"http:\/\/fibrazur.com\/\"},{\"@type\":\"ListItem\",\"position\":2,\"name\":\"Contact\"}]},{\"@type\":\"WebSite\",\"@id\":\"https:\/\/fibrazur.com\/#website\",\"url\":\"https:\/\/fibrazur.com\/\",\"name\":\"Fibr'Azur\",\"description\":\"FIBR&#039;AZUR, votre expert en \u00e9lectricit\u00e9, connexion internet et solaire \u00e0 Nice depuis 2019. Fiabilit\u00e9, performance et innovation pour tous vos projets ! \ud83d\udd27\u26a1\ud83c\udf1e\",\"publisher\":{\"@id\":\"https:\/\/fibrazur.com\/#organization\"},\"potentialAction\":[{\"@type\":\"SearchAction\",\"target\":{\"@type\":\"EntryPoint\",\"urlTemplate\":\"https:\/\/fibrazur.com\/?s={search_term_string}\"},\"query-input\":{\"@type\":\"PropertyValueSpecification\",\"valueRequired\":true,\"valueName\":\"search_term_string\"}}],\"inLanguage\":\"en-US\"},{\"@type\":\"Organization\",\"@id\":\"https:\/\/fibrazur.com\/#organization\",\"name\":\"Fibr'Azur\",\"url\":\"https:\/\/fibrazur.com\/\",\"logo\":{\"@type\":\"ImageObject\",\"inLanguage\":\"en-US\",\"@id\":\"https:\/\/fibrazur.com\/#\/schema\/logo\/image\/\",\"url\":\"https:\/\/fibrazur.com\/wp-content\/uploads\/2025\/03\/cropped-WhatsApp-Image-2025-03-25-a-15.46.05_269f7fb3.jpg\",\"contentUrl\":\"https:\/\/fibrazur.com\/wp-content\/uploads\/2025\/03\/cropped-WhatsApp-Image-2025-03-25-a-15.46.05_269f7fb3.jpg\",\"width\":512,\"height\":512,\"caption\":\"Fibr'Azur\"},\"image\":{\"@id\":\"https:\/\/fibrazur.com\/#\/schema\/logo\/image\/\"}}]}<\/script>\n<!-- \/ Yoast SEO plugin. -->","yoast_head_json":{"title":"Contact - Fibr&#039;Azur","robots":{"index":"index","follow":"follow","max-snippet":"max-snippet:-1","max-image-preview":"max-image-preview:large","max-video-preview":"max-video-preview:-1"},"canonical":"https:\/\/fibrazur.com\/index.php\/contactez-nous\/","og_locale":"en_US","og_type":"article","og_title":"Contact - Fibr&#039;Azur","og_description":"\ud83c\uddeb\ud83c\uddf7 Formulaire de contact Remplissez les champs ci-dessous &#8211; r\u00e9ponse garantie sous 24h \ud83c\udde9\ud83c\uddea Kontaktformular Bitte ausf\u00fcllen &#8211; Antwort innerhalb 24 Stunden \ud83c\uddec\ud83c\udde7 Contact form Fill the fields below &#8211; guaranteed response within 24h","og_url":"https:\/\/fibrazur.com\/index.php\/contactez-nous\/","og_site_name":"Fibr&#039;Azur","article_modified_time":"2025-03-26T10:25:28+00:00","twitter_card":"summary_large_image","twitter_misc":{"Est. reading time":"1 minute"},"schema":{"@context":"https:\/\/schema.org","@graph":[{"@type":"WebPage","@id":"https:\/\/fibrazur.com\/index.php\/contactez-nous\/","url":"https:\/\/fibrazur.com\/index.php\/contactez-nous\/","name":"Contact - Fibr&#039;Azur","isPartOf":{"@id":"https:\/\/fibrazur.com\/#website"},"datePublished":"2025-03-26T06:51:48+00:00","dateModified":"2025-03-26T10:25:28+00:00","breadcrumb":{"@id":"https:\/\/fibrazur.com\/index.php\/contactez-nous\/#breadcrumb"},"inLanguage":"en-US","potentialAction":[{"@type":"ReadAction","target":["https:\/\/fibrazur.com\/index.php\/contactez-nous\/"]}]},{"@type":"BreadcrumbList","@id":"https:\/\/fibrazur.com\/index.php\/contactez-nous\/#breadcrumb","itemListElement":[{"@type":"ListItem","position":1,"name":"Accueil","item":"http:\/\/fibrazur.com\/"},{"@type":"ListItem","position":2,"name":"Contact"}]},{"@type":"WebSite","@id":"https:\/\/fibrazur.com\/#website","url":"https:\/\/fibrazur.com\/","name":"Fibr'Azur","description":"FIBR&#039;AZUR, votre expert en \u00e9lectricit\u00e9, connexion internet et solaire \u00e0 Nice depuis 2019. Fiabilit\u00e9, performance et innovation pour tous vos projets ! \ud83d\udd27\u26a1\ud83c\udf1e","publisher":{"@id":"https:\/\/fibrazur.com\/#organization"},"potentialAction":[{"@type":"SearchAction","target":{"@type":"EntryPoint","urlTemplate":"https:\/\/fibrazur.com\/?s={search_term_string}"},"query-input":{"@type":"PropertyValueSpecification","valueRequired":true,"valueName":"search_term_string"}}],"inLanguage":"en-US"},{"@type":"Organization","@id":"https:\/\/fibrazur.com\/#organization","name":"Fibr'Azur","url":"https:\/\/fibrazur.com\/","logo":{"@type":"ImageObject","inLanguage":"en-US","@id":"https:\/\/fibrazur.com\/#\/schema\/logo\/image\/","url":"https:\/\/fibrazur.com\/wp-content\/uploads\/2025\/03\/cropped-WhatsApp-Image-2025-03-25-a-15.46.05_269f7fb3.jpg","contentUrl":"https:\/\/fibrazur.com\/wp-content\/uploads\/2025\/03\/cropped-WhatsApp-Image-2025-03-25-a-15.46.05_269f7fb3.jpg","width":512,"height":512,"caption":"Fibr'Azur"},"image":{"@id":"https:\/\/fibrazur.com\/#\/schema\/logo\/image\/"}}]}},"_links":{"self":[{"href":"https:\/\/fibrazur.com\/index.php\/wp-json\/wp\/v2\/pages\/34","targetHints":{"allow":["GET"]}}],"collection":[{"href":"https:\/\/fibrazur.com\/index.php\/wp-json\/wp\/v2\/pages"}],"about":[{"href":"https:\/\/fibrazur.com\/index.php\/wp-json\/wp\/v2\/types\/page"}],"author":[{"embeddable":true,"href":"https:\/\/fibrazur.com\/index.php\/wp-json\/wp\/v2\/users\/1"}],"replies":[{"embeddable":true,"href":"https:\/\/fibrazur.com\/index.php\/wp-json\/wp\/v2\/comments?post=34"}],"version-history":[{"count":4,"href":"https:\/\/fibrazur.com\/index.php\/wp-json\/wp\/v2\/pages\/34\/revisions"}],"predecessor-version":[{"id":67,"href":"https:\/\/fibrazur.com\/index.php\/wp-json\/wp\/v2\/pages\/34\/revisions\/67"}],"wp:attachment":[{"href":"https:\/\/fibrazur.com\/index.php\/wp-json\/wp\/v2\/media?parent=34"}],"curies":[{"name":"wp","href":"https:\/\/api.w.org\/{rel}","templated":true}]}}