{"id":42,"date":"2025-03-26T08:11:38","date_gmt":"2025-03-26T07:11:38","guid":{"rendered":"https:\/\/fibrazur.com\/index.php\/bienvenue-chez-fibrazur-deutsch\/"},"modified":"2025-03-26T10:55:04","modified_gmt":"2025-03-26T09:55:04","slug":"bienvenue-chez-fibrazur-deutsch","status":"publish","type":"page","link":"https:\/\/fibrazur.com\/index.php\/de\/bienvenue-chez-fibrazur-deutsch\/","title":{"rendered":"Willkommen bei FIBR\u2019AZUR !"},"content":{"rendered":"\n<h5 class=\"wp-block-heading\"><br>Ihr Experte f\u00fcr Elektroinstallationen und Internetanschl\u00fcsse an der <strong>French Riviera<\/strong><\/h5>\n\n\n\n<p>\ud83d\udd27 <strong>Elektroarbeiten \u2013 Sicherheit &amp; Konformit\u00e4t<\/strong><br>\u2714\ufe0f Neuinstallationen und Renovierungen<br>\u2714\ufe0f \u00c4nderungen und Normenanpassungen<br>\u2714\ufe0f Arbeiten gem\u00e4\u00df <strong>CONSUEL<\/strong>-Vorgaben<\/p>\n\n\n\n<p><em>&#8220;CONSUEL (franz\u00f6sische Zertifizierung f\u00fcr Elektroinstallationen)<\/em><\/p>\n\n\n\n<p>\ud83c\udf10 <strong>Internetverbindung \u2013 Leistung &amp; Zuverl\u00e4ssigkeit<\/strong><br>\u2714\ufe0f Reparatur nicht funktionierender\/unsauberer Anschl\u00fcsse (von anderen Anbietern)<br>\u2714\ufe0f Anschluss von Wohnungen, die von Anbietern abgelehnt wurden<br>\u2714\ufe0f Alternativen: <strong>4G- oder Satellitenverbindung<\/strong><\/p>\n\n\n\n<p>\u2705 <strong>Warum FIBR\u2019AZUR?<\/strong><br>\u2714\ufe0f Lokales Unternehmen (Nizza) \u2013 t\u00e4tig im gesamten <strong>Departement 06<\/strong> &#8211; French Riviera &#8211; C\u00f4te d&#8217;Azur<br>\u2714\ufe0f Ma\u00dfgeschneiderte L\u00f6sungen &amp; schnelle Reaktion<br>\u2714\ufe0f Pr\u00e4zise Arbeit<\/p>\n\n\n\n<p><strong>Jean-Philippe und Julien<\/strong> &#8211; Ihr Team f\u00fcr p\u00fcnktliche, verl\u00e4ssliche Serviceleistungen. Vertrauen Sie <strong>FIBR\u2019AZUR<\/strong>! \ud83d\ude80\ud83d\udd27<\/p>\n\n\n\n<p>Unser Deutsch ist nicht perfekt, aber ausreichend f\u00fcr :<\/p>\n\n\n\n<ul class=\"wp-block-list\">\n<li>Terminvereinbarungen<\/li>\n\n\n\n<li>Technische Erkl\u00e4rungen<\/li>\n\n\n\n<li>Notfalldienst-Beschreibungen<\/li>\n<\/ul>\n\n\n\n<p><em><a href=\"https:\/\/fibrazur.com\/index.php\/contactez-nous\/\"><strong>\ud83c\udde9\ud83c\uddea Deutschsprachige Anfrage? Hier klicken<\/strong><\/a><\/em><\/p>\n\n\n\n<p>\ud83d\udccd <strong>Einsatzgebiet<\/strong>: Gesamte <strong>Alpes-Maritimes<\/strong> \/ French Riviera<\/p>\n\n\n\n<p>Nice, Antibes, Cannes, Grasse, Monaco, Cagnes-sur-Mer, Menton, Le Cannet, Saint-Laurent-du-Var, Vallauris, Mougins, Mandelieu-la-Napoule, Vence, Beausoleil, Roquebrune-Cap-Martin, La Trinit\u00e9, Carros, Valbonne, Villeneuve-Loubet, Biot, P\u00e9gomas, La Colle-sur-Loup, Mouans-Sartoux, Cap-d\u2019Ail, Saint-Andr\u00e9-de-la-Roche, \u00c8ze, Peymeinade, La Gaude, Contes, Tourrette-Levens, Le Rouret, Opio, Gatti\u00e8res, Drap, Saint-C\u00e9zaire-sur-Siagne, Castagniers, Aspremont, Ch\u00e2teauneuf-Grasse, Sospel, Peille, Peillon, L\u2019Escar\u00e8ne, Saint-Jeannet, Beaulieu-sur-Mer, Th\u00e9oule-sur-Mer, Berre-les-Alpes, Saint-Paul-de-Vence, Coursegoules, Le Bar-sur-Loup, Tende, Breil-sur-Roya, Fontan, Saorge, Lantosque, Roquest\u00e9ron, Gilette, Saint-Martin-du-Var, Tourrettes-sur-Loup, Puget-Th\u00e9niers, Utelle, Luc\u00e9ram, Clans, Bouyon, Saint-Auban, La Roquette-sur-Var, Sigale, Marie, Saint-\u00c9tienne-de-Tin\u00e9e, Isola, Roubion, Roure, Ilonse, Valdeblore, Venanson, Beuil, Saint-Martin-V\u00e9subie, Guillaumes, Entraunes, P\u00e9one.<\/p>\n\n\n\n<p>\ud83c\udf0d In St\u00e4dten, K\u00fcstengebieten und Bergt\u00e4lern!<\/p>\n","protected":false},"excerpt":{"rendered":"<p>Ihr Experte f\u00fcr Elektroinstallationen und Internetanschl\u00fcsse an der French Riviera \ud83d\udd27 Elektroarbeiten \u2013 Sicherheit &amp; Konformit\u00e4t\u2714\ufe0f Neuinstallationen und Renovierungen\u2714\ufe0f \u00c4nderungen und Normenanpassungen\u2714\ufe0f Arbeiten gem\u00e4\u00df CONSUEL-Vorgaben &#8220;CONSUEL (franz\u00f6sische Zertifizierung f\u00fcr Elektroinstallationen) \ud83c\udf10 Internetverbindung \u2013 Leistung &amp; Zuverl\u00e4ssigkeit\u2714\ufe0f Reparatur nicht funktionierender\/unsauberer Anschl\u00fcsse (von anderen Anbietern)\u2714\ufe0f Anschluss von Wohnungen, die von Anbietern abgelehnt wurden\u2714\ufe0f Alternativen: 4G- oder Satellitenverbindung [&hellip;]<\/p>\n","protected":false},"author":1,"featured_media":0,"parent":0,"menu_order":0,"comment_status":"closed","ping_status":"closed","template":"","meta":{"footnotes":""},"class_list":["post-42","page","type-page","status-publish","hentry"],"blocksy_meta":[],"yoast_head":"<!-- This site is optimized with the Yoast SEO plugin v27.1.1 - https:\/\/yoast.com\/product\/yoast-seo-wordpress\/ -->\n<title>Willkommen bei FIBR\u2019AZUR ! - Fibr&#039;Azur<\/title>\n<meta name=\"robots\" content=\"index, follow, max-snippet:-1, max-image-preview:large, max-video-preview:-1\" \/>\n<link rel=\"canonical\" href=\"https:\/\/fibrazur.com\/index.php\/de\/bienvenue-chez-fibrazur-deutsch\/\" \/>\n<meta property=\"og:locale\" content=\"en_US\" \/>\n<meta property=\"og:type\" content=\"article\" \/>\n<meta property=\"og:title\" content=\"Willkommen bei FIBR\u2019AZUR ! - Fibr&#039;Azur\" \/>\n<meta property=\"og:description\" content=\"Ihr Experte f\u00fcr Elektroinstallationen und Internetanschl\u00fcsse an der French Riviera \ud83d\udd27 Elektroarbeiten \u2013 Sicherheit &amp; Konformit\u00e4t\u2714\ufe0f Neuinstallationen und Renovierungen\u2714\ufe0f \u00c4nderungen und Normenanpassungen\u2714\ufe0f Arbeiten gem\u00e4\u00df CONSUEL-Vorgaben &#8220;CONSUEL (franz\u00f6sische Zertifizierung f\u00fcr Elektroinstallationen) \ud83c\udf10 Internetverbindung \u2013 Leistung &amp; Zuverl\u00e4ssigkeit\u2714\ufe0f Reparatur nicht funktionierender\/unsauberer Anschl\u00fcsse (von anderen Anbietern)\u2714\ufe0f Anschluss von Wohnungen, die von Anbietern abgelehnt wurden\u2714\ufe0f Alternativen: 4G- oder Satellitenverbindung [&hellip;]\" \/>\n<meta property=\"og:url\" content=\"https:\/\/fibrazur.com\/index.php\/de\/bienvenue-chez-fibrazur-deutsch\/\" \/>\n<meta property=\"og:site_name\" content=\"Fibr&#039;Azur\" \/>\n<meta property=\"article:modified_time\" content=\"2025-03-26T09:55:04+00:00\" \/>\n<meta name=\"twitter:card\" content=\"summary_large_image\" \/>\n<meta name=\"twitter:label1\" content=\"Est. reading time\" \/>\n\t<meta name=\"twitter:data1\" content=\"2 minutes\" \/>\n<script type=\"application\/ld+json\" class=\"yoast-schema-graph\">{\"@context\":\"https:\/\/schema.org\",\"@graph\":[{\"@type\":\"WebPage\",\"@id\":\"https:\/\/fibrazur.com\/index.php\/de\/bienvenue-chez-fibrazur-deutsch\/\",\"url\":\"https:\/\/fibrazur.com\/index.php\/de\/bienvenue-chez-fibrazur-deutsch\/\",\"name\":\"Willkommen bei FIBR\u2019AZUR ! - Fibr&#039;Azur\",\"isPartOf\":{\"@id\":\"https:\/\/fibrazur.com\/#website\"},\"datePublished\":\"2025-03-26T07:11:38+00:00\",\"dateModified\":\"2025-03-26T09:55:04+00:00\",\"breadcrumb\":{\"@id\":\"https:\/\/fibrazur.com\/index.php\/de\/bienvenue-chez-fibrazur-deutsch\/#breadcrumb\"},\"inLanguage\":\"en-US\",\"potentialAction\":[{\"@type\":\"ReadAction\",\"target\":[\"https:\/\/fibrazur.com\/index.php\/de\/bienvenue-chez-fibrazur-deutsch\/\"]}]},{\"@type\":\"BreadcrumbList\",\"@id\":\"https:\/\/fibrazur.com\/index.php\/de\/bienvenue-chez-fibrazur-deutsch\/#breadcrumb\",\"itemListElement\":[{\"@type\":\"ListItem\",\"position\":1,\"name\":\"Accueil\",\"item\":\"http:\/\/fibrazur.com\/\"},{\"@type\":\"ListItem\",\"position\":2,\"name\":\"Willkommen bei FIBR\u2019AZUR !\"}]},{\"@type\":\"WebSite\",\"@id\":\"https:\/\/fibrazur.com\/#website\",\"url\":\"https:\/\/fibrazur.com\/\",\"name\":\"Fibr'Azur\",\"description\":\"FIBR&#039;AZUR, votre expert en \u00e9lectricit\u00e9, connexion internet et solaire \u00e0 Nice depuis 2019. Fiabilit\u00e9, performance et innovation pour tous vos projets ! \ud83d\udd27\u26a1\ud83c\udf1e\",\"publisher\":{\"@id\":\"https:\/\/fibrazur.com\/#organization\"},\"potentialAction\":[{\"@type\":\"SearchAction\",\"target\":{\"@type\":\"EntryPoint\",\"urlTemplate\":\"https:\/\/fibrazur.com\/?s={search_term_string}\"},\"query-input\":{\"@type\":\"PropertyValueSpecification\",\"valueRequired\":true,\"valueName\":\"search_term_string\"}}],\"inLanguage\":\"en-US\"},{\"@type\":\"Organization\",\"@id\":\"https:\/\/fibrazur.com\/#organization\",\"name\":\"Fibr'Azur\",\"url\":\"https:\/\/fibrazur.com\/\",\"logo\":{\"@type\":\"ImageObject\",\"inLanguage\":\"en-US\",\"@id\":\"https:\/\/fibrazur.com\/#\/schema\/logo\/image\/\",\"url\":\"https:\/\/fibrazur.com\/wp-content\/uploads\/2025\/03\/cropped-WhatsApp-Image-2025-03-25-a-15.46.05_269f7fb3.jpg\",\"contentUrl\":\"https:\/\/fibrazur.com\/wp-content\/uploads\/2025\/03\/cropped-WhatsApp-Image-2025-03-25-a-15.46.05_269f7fb3.jpg\",\"width\":512,\"height\":512,\"caption\":\"Fibr'Azur\"},\"image\":{\"@id\":\"https:\/\/fibrazur.com\/#\/schema\/logo\/image\/\"}}]}<\/script>\n<!-- \/ Yoast SEO plugin. -->","yoast_head_json":{"title":"Willkommen bei FIBR\u2019AZUR ! - Fibr&#039;Azur","robots":{"index":"index","follow":"follow","max-snippet":"max-snippet:-1","max-image-preview":"max-image-preview:large","max-video-preview":"max-video-preview:-1"},"canonical":"https:\/\/fibrazur.com\/index.php\/de\/bienvenue-chez-fibrazur-deutsch\/","og_locale":"en_US","og_type":"article","og_title":"Willkommen bei FIBR\u2019AZUR ! - Fibr&#039;Azur","og_description":"Ihr Experte f\u00fcr Elektroinstallationen und Internetanschl\u00fcsse an der French Riviera \ud83d\udd27 Elektroarbeiten \u2013 Sicherheit &amp; Konformit\u00e4t\u2714\ufe0f Neuinstallationen und Renovierungen\u2714\ufe0f \u00c4nderungen und Normenanpassungen\u2714\ufe0f Arbeiten gem\u00e4\u00df CONSUEL-Vorgaben &#8220;CONSUEL (franz\u00f6sische Zertifizierung f\u00fcr Elektroinstallationen) \ud83c\udf10 Internetverbindung \u2013 Leistung &amp; Zuverl\u00e4ssigkeit\u2714\ufe0f Reparatur nicht funktionierender\/unsauberer Anschl\u00fcsse (von anderen Anbietern)\u2714\ufe0f Anschluss von Wohnungen, die von Anbietern abgelehnt wurden\u2714\ufe0f Alternativen: 4G- oder Satellitenverbindung [&hellip;]","og_url":"https:\/\/fibrazur.com\/index.php\/de\/bienvenue-chez-fibrazur-deutsch\/","og_site_name":"Fibr&#039;Azur","article_modified_time":"2025-03-26T09:55:04+00:00","twitter_card":"summary_large_image","twitter_misc":{"Est. reading time":"2 minutes"},"schema":{"@context":"https:\/\/schema.org","@graph":[{"@type":"WebPage","@id":"https:\/\/fibrazur.com\/index.php\/de\/bienvenue-chez-fibrazur-deutsch\/","url":"https:\/\/fibrazur.com\/index.php\/de\/bienvenue-chez-fibrazur-deutsch\/","name":"Willkommen bei FIBR\u2019AZUR ! - Fibr&#039;Azur","isPartOf":{"@id":"https:\/\/fibrazur.com\/#website"},"datePublished":"2025-03-26T07:11:38+00:00","dateModified":"2025-03-26T09:55:04+00:00","breadcrumb":{"@id":"https:\/\/fibrazur.com\/index.php\/de\/bienvenue-chez-fibrazur-deutsch\/#breadcrumb"},"inLanguage":"en-US","potentialAction":[{"@type":"ReadAction","target":["https:\/\/fibrazur.com\/index.php\/de\/bienvenue-chez-fibrazur-deutsch\/"]}]},{"@type":"BreadcrumbList","@id":"https:\/\/fibrazur.com\/index.php\/de\/bienvenue-chez-fibrazur-deutsch\/#breadcrumb","itemListElement":[{"@type":"ListItem","position":1,"name":"Accueil","item":"http:\/\/fibrazur.com\/"},{"@type":"ListItem","position":2,"name":"Willkommen bei FIBR\u2019AZUR !"}]},{"@type":"WebSite","@id":"https:\/\/fibrazur.com\/#website","url":"https:\/\/fibrazur.com\/","name":"Fibr'Azur","description":"FIBR&#039;AZUR, votre expert en \u00e9lectricit\u00e9, connexion internet et solaire \u00e0 Nice depuis 2019. Fiabilit\u00e9, performance et innovation pour tous vos projets ! \ud83d\udd27\u26a1\ud83c\udf1e","publisher":{"@id":"https:\/\/fibrazur.com\/#organization"},"potentialAction":[{"@type":"SearchAction","target":{"@type":"EntryPoint","urlTemplate":"https:\/\/fibrazur.com\/?s={search_term_string}"},"query-input":{"@type":"PropertyValueSpecification","valueRequired":true,"valueName":"search_term_string"}}],"inLanguage":"en-US"},{"@type":"Organization","@id":"https:\/\/fibrazur.com\/#organization","name":"Fibr'Azur","url":"https:\/\/fibrazur.com\/","logo":{"@type":"ImageObject","inLanguage":"en-US","@id":"https:\/\/fibrazur.com\/#\/schema\/logo\/image\/","url":"https:\/\/fibrazur.com\/wp-content\/uploads\/2025\/03\/cropped-WhatsApp-Image-2025-03-25-a-15.46.05_269f7fb3.jpg","contentUrl":"https:\/\/fibrazur.com\/wp-content\/uploads\/2025\/03\/cropped-WhatsApp-Image-2025-03-25-a-15.46.05_269f7fb3.jpg","width":512,"height":512,"caption":"Fibr'Azur"},"image":{"@id":"https:\/\/fibrazur.com\/#\/schema\/logo\/image\/"}}]}},"_links":{"self":[{"href":"https:\/\/fibrazur.com\/index.php\/wp-json\/wp\/v2\/pages\/42","targetHints":{"allow":["GET"]}}],"collection":[{"href":"https:\/\/fibrazur.com\/index.php\/wp-json\/wp\/v2\/pages"}],"about":[{"href":"https:\/\/fibrazur.com\/index.php\/wp-json\/wp\/v2\/types\/page"}],"author":[{"embeddable":true,"href":"https:\/\/fibrazur.com\/index.php\/wp-json\/wp\/v2\/users\/1"}],"replies":[{"embeddable":true,"href":"https:\/\/fibrazur.com\/index.php\/wp-json\/wp\/v2\/comments?post=42"}],"version-history":[{"count":2,"href":"https:\/\/fibrazur.com\/index.php\/wp-json\/wp\/v2\/pages\/42\/revisions"}],"predecessor-version":[{"id":57,"href":"https:\/\/fibrazur.com\/index.php\/wp-json\/wp\/v2\/pages\/42\/revisions\/57"}],"wp:attachment":[{"href":"https:\/\/fibrazur.com\/index.php\/wp-json\/wp\/v2\/media?parent=42"}],"curies":[{"name":"wp","href":"https:\/\/api.w.org\/{rel}","templated":true}]}}