{"id":9,"date":"2025-03-25T17:25:41","date_gmt":"2025-03-25T16:25:41","guid":{"rendered":"https:\/\/fibrazur.com\/?page_id=9"},"modified":"2025-03-27T09:40:16","modified_gmt":"2025-03-27T08:40:16","slug":"electricite-connexion-internet-french-riviera","status":"publish","type":"page","link":"https:\/\/fibrazur.com\/","title":{"rendered":"Bienvenue chez FIBR&#8217;AZUR"},"content":{"rendered":"\n<h4 class=\"wp-block-heading has-text-align-center\">Votre expert en \u00e9lectricit\u00e9 et connexions internet dans les Alpes-Maritimes<\/h4>\n\n\n\n<h2 class=\"wp-block-heading has-text-align-center\"><a href=\"https:\/\/fibrazur.com\/index.php\/electricite-installation-renovation\/\">\ud83d\udd27 <strong>\u00c9lectricit\u00e9 \u2013 S\u00e9curit\u00e9 &amp; Conformit\u00e9<\/strong><\/a><\/h2>\n\n\n\n<p class=\"has-text-align-center\">Nous r\u00e9alisons tous vos travaux \u00e9lectriques :<br>\u2714\ufe0f Installations neuves et r\u00e9novations<br>\u2714\ufe0f Modifications et mises aux normes<br>\u2714\ufe0f Travaux conformes aux exigences <strong>CONSUEL<\/strong><\/p>\n\n\n\n<h2 class=\"wp-block-heading has-text-align-center\"><a href=\"https:\/\/fibrazur.com\/index.php\/connexions-internet-solutions-de-raccordement\/\">\ud83c\udf10 <strong>Connexion Internet \u2013 Performance &amp; Fiabilit\u00e9<\/strong><\/a><\/h2>\n\n\n\n<p class=\"has-text-align-center\">Vous rencontrez des probl\u00e8mes de raccordement ? Nous avons les solutions :<br>\u2714\ufe0f <strong>Reprise des raccordements non performants ou inesth\u00e9tiques<\/strong> r\u00e9alis\u00e9s par les op\u00e9rateurs<br>\u2714\ufe0f <strong>Raccordement des logements refus\u00e9s par les op\u00e9rateurs<\/strong><br>\u2714\ufe0f <strong>Solutions alternatives<\/strong> : connexion via 4G ou satellite<\/p>\n\n\n\n<h2 class=\"wp-block-heading has-text-align-center\"><a href=\"https:\/\/fibrazur.com\/index.php\/contactez-nous\/\">\u2705 <strong>Pourquoi choisir FIBR&#8217;AZUR ?<\/strong><\/a><\/h2>\n\n\n\n<figure class=\"wp-block-image aligncenter size-large is-resized\"><img loading=\"lazy\" decoding=\"async\" width=\"1024\" height=\"579\" src=\"http:\/\/fibrazur.com\/wp-content\/uploads\/2025\/03\/Flux_Dev_Modern_abstract_logo_for_FIBRAZUR_combining_fiber_opt_2-1024x579.jpeg\" alt=\"\" class=\"wp-image-149\" style=\"width:382px;height:auto\"\/><\/figure>\n\n\n\n<p class=\"has-text-align-center\">\u2714\ufe0f <strong>Entreprise locale<\/strong> bas\u00e9e \u00e0 Nice, active sur toute la r\u00e9gion des Alpes-Maritimes<br>\u2714\ufe0f <strong>Expertise et r\u00e9activit\u00e9<\/strong> pour des solutions sur mesure<br>\u2714\ufe0f <strong>Intervention rapide &amp; travail soign\u00e9<\/strong><\/p>\n\n\n\n<p class=\"has-text-align-center\">\ud83d\udcde <strong>Besoin d\u2019un devis ou d\u2019un conseil ?<\/strong> Contactez-nous d\u00e8s maintenant !<\/p>\n\n\n\n<p class=\"has-text-align-center\"><strong>Jean-Philippe et Julien sont \u00e0 votre \u00e9coute et pr\u00eats \u00e0 intervenir rapidement pour vous apporter des solutions fiables et adapt\u00e9es \u00e0 vos besoins.<\/strong> <strong>Faites appel \u00e0 FIBR&#8217;AZUR en toute confiance !<\/strong> \ud83d\ude80\ud83d\udd27<\/p>\n\n\n\n<p class=\"has-text-align-center\"><a href=\"https:\/\/fibrazur.com\/index.php\/contactez-nous\/\">Contactez-nous !<\/a><\/p>\n\n\n\n<p class=\"has-text-align-center\"><strong>\ud83d\udccd FIBR&#8217;AZUR intervient dans tout le d\u00e9partement des Alpes-Maritimes (06) :<\/strong><\/p>\n\n\n\n<p class=\"has-text-align-center\">Nice, Antibes, Cannes, Grasse, Cagnes-sur-Mer, Menton, Monaco, Le Cannet, Saint-Laurent-du-Var, Vallauris, Mougins, Mandelieu-la-Napoule, Vence, Beausoleil, Roquebrune-Cap-Martin, La Trinit\u00e9, Carros, Valbonne, Villeneuve-Loubet, Biot, P\u00e9gomas, La Colle-sur-Loup, Mouans-Sartoux, Cap-d&#8217;Ail, Saint-Andr\u00e9-de-la-Roche, \u00c8ze, Peymeinade, La Gaude, Contes, Tourrette-Levens, Le Rouret, Opio, Gatti\u00e8res, Drap, Saint-C\u00e9zaire-sur-Siagne, Castagniers, Aspremont, Ch\u00e2teauneuf-Grasse, Sospel, Peille, Peillon, L&#8217;Escar\u00e8ne, Saint-Jeannet, Beaulieu-sur-Mer, Th\u00e9oule-sur-Mer, Berre-les-Alpes, Saint-Paul-de-Vence, Coursegoules, Le Bar-sur-Loup, Tende, Breil-sur-Roya, Fontan, Saorge, Lantosque, Roquest\u00e9ron, Gilette, Saint-Martin-du-Var, Tourrettes-sur-Loup, Puget-Th\u00e9niers, Utelle, Luc\u00e9ram, Clans, Bouyon, Saint-Auban, La Roquette-sur-Var, Sigale, Marie, Saint-\u00c9tienne-de-Tin\u00e9e, Isola, Roubion, Roure, Ilonse, Valdeblore, Venanson, Beuil, Saint-Martin-V\u00e9subie, Guillaumes, Entraunes, P\u00e9one.<\/p>\n\n\n\n<p class=\"has-text-align-center\">\ud83c\udf0d <em>Interventions en ville, en bord de mer et dans les vall\u00e9es des Alpes-Maritimes !<\/em><\/p>\n\n\n\n<p>Chez <strong>FIBR&#8217;AZUR<\/strong>, nous travaillons avec du mat\u00e9riel de qualit\u00e9 provenant de partenaires reconnus tels que \n<a href=\"https:\/\/www.se.com\/fr\/fr\/\" target=\"_blank\">Schneider Electric<\/a>, \n<a href=\"https:\/\/hager.com\/fr\" target=\"_blank\">Hager<\/a>, \n<a href=\"https:\/\/wallbox.com\/fr_fr\/\" target=\"_blank\">Wallbox<\/a>, \n<a href=\"https:\/\/www.nexans.fr\/\" target=\"_blank\">Nexans<\/a>, \n<a href=\"https:\/\/www.tp-link.com\/fr\/\" target=\"_blank\">TP-Link<\/a>, \n<a href=\"https:\/\/dualsun.com\/\" target=\"_blank\">DualSun<\/a> et \n<a href=\"https:\/\/solar.huawei.com\/fr\/\" target=\"_blank\">Huawei<\/a> pour nos installations \u00e9lectriques et photovolta\u00efques.  \nPour la connexion internet, nous proposons des solutions adapt\u00e9es gr\u00e2ce \u00e0 \n<a href=\"https:\/\/www.starlink.com\/\" target=\"_blank\">Starlink<\/a>, \n<a href=\"https:\/\/www.nordnet.com\/\" target=\"_blank\">Nordnet<\/a>, \n<a href=\"https:\/\/www.orange.fr\/\" target=\"_blank\">Orange<\/a>, \n<a href=\"https:\/\/www.sfr.fr\/\" target=\"_blank\">SFR<\/a>, \n<a href=\"https:\/\/www.bouyguestelecom.fr\/\" target=\"_blank\">Bouygues Telecom<\/a> et \n<a href=\"https:\/\/www.free.fr\/\" target=\"_blank\">Free Telecom<\/a>.\n<\/p>\n\n\n\n<p>Nous sommes partenaires de <a href=\"https:\/\/suntech-energies.com\/\" target=\"_blank\">Suntech \u00c9nergies<\/a>, une entreprise bas\u00e9e \u00e0 La Gaude, sp\u00e9cialis\u00e9e dans les installations photovolta\u00efques. Certifi\u00e9e <strong>Quali&#8217;PV 36<\/strong>, <strong>Quali&#8217;PV 500<\/strong> et <strong>RGE<\/strong>, elle garantit des installations de qualit\u00e9 et conformes aux normes en vigueur.<\/p>\n\n\n\n<figure class=\"wp-block-image aligncenter size-full is-resized\"><img loading=\"lazy\" decoding=\"async\" width=\"900\" height=\"900\" src=\"http:\/\/fibrazur.com\/wp-content\/uploads\/2025\/03\/Passez-au-photovoltaique-.gif\" alt=\"\" class=\"wp-image-154\" style=\"width:297px;height:auto\"\/><\/figure>\n","protected":false},"excerpt":{"rendered":"<p>Votre expert en \u00e9lectricit\u00e9 et connexions internet dans les Alpes-Maritimes \ud83d\udd27 \u00c9lectricit\u00e9 \u2013 S\u00e9curit\u00e9 &amp; Conformit\u00e9 Nous r\u00e9alisons tous vos travaux \u00e9lectriques :\u2714\ufe0f Installations neuves et r\u00e9novations\u2714\ufe0f Modifications et mises aux normes\u2714\ufe0f Travaux conformes aux exigences CONSUEL \ud83c\udf10 Connexion Internet \u2013 Performance &amp; Fiabilit\u00e9 Vous rencontrez des probl\u00e8mes de raccordement ? Nous avons les solutions [&hellip;]<\/p>\n","protected":false},"author":1,"featured_media":0,"parent":0,"menu_order":0,"comment_status":"closed","ping_status":"closed","template":"","meta":{"footnotes":""},"class_list":["post-9","page","type-page","status-publish","hentry"],"blocksy_meta":[],"yoast_head":"<!-- This site is optimized with the Yoast SEO plugin v27.1.1 - https:\/\/yoast.com\/product\/yoast-seo-wordpress\/ -->\n<title>\u00c9lectricit\u00e9 &amp; Connexion Internet | Nice, Cannes, Monaco \u2013 FIBR&#039;AZUR<\/title>\n<meta name=\"description\" content=\"FIBR&#039;AZUR : Expert en \u00e9lectricit\u00e9 et connexion internet \u00e0 Nice, Cannes, Monaco &amp; sur toute la French Riviera. Installation, d\u00e9pannage et solutions sur mesure. Contactez-nous !\" \/>\n<meta name=\"robots\" content=\"index, follow, max-snippet:-1, max-image-preview:large, max-video-preview:-1\" \/>\n<link rel=\"canonical\" href=\"https:\/\/fibrazur.com\/\" \/>\n<meta property=\"og:locale\" content=\"en_US\" \/>\n<meta property=\"og:type\" content=\"article\" \/>\n<meta property=\"og:title\" content=\"\u00c9lectricit\u00e9 &amp; Connexion Internet | Nice, Cannes, Monaco \u2013 FIBR&#039;AZUR\" \/>\n<meta property=\"og:description\" content=\"FIBR&#039;AZUR : Expert en \u00e9lectricit\u00e9 et connexion internet \u00e0 Nice, Cannes, Monaco &amp; sur toute la French Riviera. Installation, d\u00e9pannage et solutions sur mesure. Contactez-nous !\" \/>\n<meta property=\"og:url\" content=\"https:\/\/fibrazur.com\/\" \/>\n<meta property=\"og:site_name\" content=\"Fibr&#039;Azur\" \/>\n<meta property=\"article:modified_time\" content=\"2025-03-27T08:40:16+00:00\" \/>\n<meta property=\"og:image\" content=\"http:\/\/fibrazur.com\/wp-content\/uploads\/2025\/03\/Flux_Dev_Modern_abstract_logo_for_FIBRAZUR_combining_fiber_opt_2-1024x579.jpeg\" \/>\n<meta name=\"twitter:card\" content=\"summary_large_image\" \/>\n<meta name=\"twitter:label1\" content=\"Est. reading time\" \/>\n\t<meta name=\"twitter:data1\" content=\"3 minutes\" \/>\n<script type=\"application\/ld+json\" class=\"yoast-schema-graph\">{\"@context\":\"https:\/\/schema.org\",\"@graph\":[{\"@type\":\"WebPage\",\"@id\":\"https:\/\/fibrazur.com\/\",\"url\":\"https:\/\/fibrazur.com\/\",\"name\":\"\u00c9lectricit\u00e9 & Connexion Internet | Nice, Cannes, Monaco \u2013 FIBR'AZUR\",\"isPartOf\":{\"@id\":\"https:\/\/fibrazur.com\/#website\"},\"primaryImageOfPage\":{\"@id\":\"https:\/\/fibrazur.com\/#primaryimage\"},\"image\":{\"@id\":\"https:\/\/fibrazur.com\/#primaryimage\"},\"thumbnailUrl\":\"http:\/\/fibrazur.com\/wp-content\/uploads\/2025\/03\/Flux_Dev_Modern_abstract_logo_for_FIBRAZUR_combining_fiber_opt_2-1024x579.jpeg\",\"datePublished\":\"2025-03-25T16:25:41+00:00\",\"dateModified\":\"2025-03-27T08:40:16+00:00\",\"description\":\"FIBR'AZUR : Expert en \u00e9lectricit\u00e9 et connexion internet \u00e0 Nice, Cannes, Monaco & sur toute la French Riviera. Installation, d\u00e9pannage et solutions sur mesure. Contactez-nous !\",\"breadcrumb\":{\"@id\":\"https:\/\/fibrazur.com\/#breadcrumb\"},\"inLanguage\":\"en-US\",\"potentialAction\":[{\"@type\":\"ReadAction\",\"target\":[\"https:\/\/fibrazur.com\/\"]}]},{\"@type\":\"ImageObject\",\"inLanguage\":\"en-US\",\"@id\":\"https:\/\/fibrazur.com\/#primaryimage\",\"url\":\"https:\/\/fibrazur.com\/wp-content\/uploads\/2025\/03\/Flux_Dev_Modern_abstract_logo_for_FIBRAZUR_combining_fiber_opt_2-e1743063455765.jpeg\",\"contentUrl\":\"https:\/\/fibrazur.com\/wp-content\/uploads\/2025\/03\/Flux_Dev_Modern_abstract_logo_for_FIBRAZUR_combining_fiber_opt_2-e1743063455765.jpeg\",\"width\":523,\"height\":326},{\"@type\":\"BreadcrumbList\",\"@id\":\"https:\/\/fibrazur.com\/#breadcrumb\",\"itemListElement\":[{\"@type\":\"ListItem\",\"position\":1,\"name\":\"Accueil\",\"item\":\"http:\/\/fibrazur.com\/\"},{\"@type\":\"ListItem\",\"position\":2,\"name\":\"Bienvenue chez FIBR&rsquo;AZUR\"}]},{\"@type\":\"WebSite\",\"@id\":\"https:\/\/fibrazur.com\/#website\",\"url\":\"https:\/\/fibrazur.com\/\",\"name\":\"Fibr'Azur\",\"description\":\"FIBR&#039;AZUR, votre expert en \u00e9lectricit\u00e9, connexion internet et solaire \u00e0 Nice depuis 2019. Fiabilit\u00e9, performance et innovation pour tous vos projets ! \ud83d\udd27\u26a1\ud83c\udf1e\",\"publisher\":{\"@id\":\"https:\/\/fibrazur.com\/#organization\"},\"potentialAction\":[{\"@type\":\"SearchAction\",\"target\":{\"@type\":\"EntryPoint\",\"urlTemplate\":\"https:\/\/fibrazur.com\/?s={search_term_string}\"},\"query-input\":{\"@type\":\"PropertyValueSpecification\",\"valueRequired\":true,\"valueName\":\"search_term_string\"}}],\"inLanguage\":\"en-US\"},{\"@type\":\"Organization\",\"@id\":\"https:\/\/fibrazur.com\/#organization\",\"name\":\"Fibr'Azur\",\"url\":\"https:\/\/fibrazur.com\/\",\"logo\":{\"@type\":\"ImageObject\",\"inLanguage\":\"en-US\",\"@id\":\"https:\/\/fibrazur.com\/#\/schema\/logo\/image\/\",\"url\":\"https:\/\/fibrazur.com\/wp-content\/uploads\/2025\/03\/cropped-WhatsApp-Image-2025-03-25-a-15.46.05_269f7fb3.jpg\",\"contentUrl\":\"https:\/\/fibrazur.com\/wp-content\/uploads\/2025\/03\/cropped-WhatsApp-Image-2025-03-25-a-15.46.05_269f7fb3.jpg\",\"width\":512,\"height\":512,\"caption\":\"Fibr'Azur\"},\"image\":{\"@id\":\"https:\/\/fibrazur.com\/#\/schema\/logo\/image\/\"}}]}<\/script>\n<!-- \/ Yoast SEO plugin. -->","yoast_head_json":{"title":"\u00c9lectricit\u00e9 & Connexion Internet | Nice, Cannes, Monaco \u2013 FIBR'AZUR","description":"FIBR'AZUR : Expert en \u00e9lectricit\u00e9 et connexion internet \u00e0 Nice, Cannes, Monaco & sur toute la French Riviera. Installation, d\u00e9pannage et solutions sur mesure. Contactez-nous !","robots":{"index":"index","follow":"follow","max-snippet":"max-snippet:-1","max-image-preview":"max-image-preview:large","max-video-preview":"max-video-preview:-1"},"canonical":"https:\/\/fibrazur.com\/","og_locale":"en_US","og_type":"article","og_title":"\u00c9lectricit\u00e9 & Connexion Internet | Nice, Cannes, Monaco \u2013 FIBR'AZUR","og_description":"FIBR'AZUR : Expert en \u00e9lectricit\u00e9 et connexion internet \u00e0 Nice, Cannes, Monaco & sur toute la French Riviera. Installation, d\u00e9pannage et solutions sur mesure. Contactez-nous !","og_url":"https:\/\/fibrazur.com\/","og_site_name":"Fibr&#039;Azur","article_modified_time":"2025-03-27T08:40:16+00:00","og_image":[{"url":"http:\/\/fibrazur.com\/wp-content\/uploads\/2025\/03\/Flux_Dev_Modern_abstract_logo_for_FIBRAZUR_combining_fiber_opt_2-1024x579.jpeg","type":"","width":"","height":""}],"twitter_card":"summary_large_image","twitter_misc":{"Est. reading time":"3 minutes"},"schema":{"@context":"https:\/\/schema.org","@graph":[{"@type":"WebPage","@id":"https:\/\/fibrazur.com\/","url":"https:\/\/fibrazur.com\/","name":"\u00c9lectricit\u00e9 & Connexion Internet | Nice, Cannes, Monaco \u2013 FIBR'AZUR","isPartOf":{"@id":"https:\/\/fibrazur.com\/#website"},"primaryImageOfPage":{"@id":"https:\/\/fibrazur.com\/#primaryimage"},"image":{"@id":"https:\/\/fibrazur.com\/#primaryimage"},"thumbnailUrl":"http:\/\/fibrazur.com\/wp-content\/uploads\/2025\/03\/Flux_Dev_Modern_abstract_logo_for_FIBRAZUR_combining_fiber_opt_2-1024x579.jpeg","datePublished":"2025-03-25T16:25:41+00:00","dateModified":"2025-03-27T08:40:16+00:00","description":"FIBR'AZUR : Expert en \u00e9lectricit\u00e9 et connexion internet \u00e0 Nice, Cannes, Monaco & sur toute la French Riviera. Installation, d\u00e9pannage et solutions sur mesure. Contactez-nous !","breadcrumb":{"@id":"https:\/\/fibrazur.com\/#breadcrumb"},"inLanguage":"en-US","potentialAction":[{"@type":"ReadAction","target":["https:\/\/fibrazur.com\/"]}]},{"@type":"ImageObject","inLanguage":"en-US","@id":"https:\/\/fibrazur.com\/#primaryimage","url":"https:\/\/fibrazur.com\/wp-content\/uploads\/2025\/03\/Flux_Dev_Modern_abstract_logo_for_FIBRAZUR_combining_fiber_opt_2-e1743063455765.jpeg","contentUrl":"https:\/\/fibrazur.com\/wp-content\/uploads\/2025\/03\/Flux_Dev_Modern_abstract_logo_for_FIBRAZUR_combining_fiber_opt_2-e1743063455765.jpeg","width":523,"height":326},{"@type":"BreadcrumbList","@id":"https:\/\/fibrazur.com\/#breadcrumb","itemListElement":[{"@type":"ListItem","position":1,"name":"Accueil","item":"http:\/\/fibrazur.com\/"},{"@type":"ListItem","position":2,"name":"Bienvenue chez FIBR&rsquo;AZUR"}]},{"@type":"WebSite","@id":"https:\/\/fibrazur.com\/#website","url":"https:\/\/fibrazur.com\/","name":"Fibr'Azur","description":"FIBR&#039;AZUR, votre expert en \u00e9lectricit\u00e9, connexion internet et solaire \u00e0 Nice depuis 2019. Fiabilit\u00e9, performance et innovation pour tous vos projets ! \ud83d\udd27\u26a1\ud83c\udf1e","publisher":{"@id":"https:\/\/fibrazur.com\/#organization"},"potentialAction":[{"@type":"SearchAction","target":{"@type":"EntryPoint","urlTemplate":"https:\/\/fibrazur.com\/?s={search_term_string}"},"query-input":{"@type":"PropertyValueSpecification","valueRequired":true,"valueName":"search_term_string"}}],"inLanguage":"en-US"},{"@type":"Organization","@id":"https:\/\/fibrazur.com\/#organization","name":"Fibr'Azur","url":"https:\/\/fibrazur.com\/","logo":{"@type":"ImageObject","inLanguage":"en-US","@id":"https:\/\/fibrazur.com\/#\/schema\/logo\/image\/","url":"https:\/\/fibrazur.com\/wp-content\/uploads\/2025\/03\/cropped-WhatsApp-Image-2025-03-25-a-15.46.05_269f7fb3.jpg","contentUrl":"https:\/\/fibrazur.com\/wp-content\/uploads\/2025\/03\/cropped-WhatsApp-Image-2025-03-25-a-15.46.05_269f7fb3.jpg","width":512,"height":512,"caption":"Fibr'Azur"},"image":{"@id":"https:\/\/fibrazur.com\/#\/schema\/logo\/image\/"}}]}},"_links":{"self":[{"href":"https:\/\/fibrazur.com\/index.php\/wp-json\/wp\/v2\/pages\/9","targetHints":{"allow":["GET"]}}],"collection":[{"href":"https:\/\/fibrazur.com\/index.php\/wp-json\/wp\/v2\/pages"}],"about":[{"href":"https:\/\/fibrazur.com\/index.php\/wp-json\/wp\/v2\/types\/page"}],"author":[{"embeddable":true,"href":"https:\/\/fibrazur.com\/index.php\/wp-json\/wp\/v2\/users\/1"}],"replies":[{"embeddable":true,"href":"https:\/\/fibrazur.com\/index.php\/wp-json\/wp\/v2\/comments?post=9"}],"version-history":[{"count":7,"href":"https:\/\/fibrazur.com\/index.php\/wp-json\/wp\/v2\/pages\/9\/revisions"}],"predecessor-version":[{"id":158,"href":"https:\/\/fibrazur.com\/index.php\/wp-json\/wp\/v2\/pages\/9\/revisions\/158"}],"wp:attachment":[{"href":"https:\/\/fibrazur.com\/index.php\/wp-json\/wp\/v2\/media?parent=9"}],"curies":[{"name":"wp","href":"https:\/\/api.w.org\/{rel}","templated":true}]}}